{"id":4230,"date":"2025-09-15T15:01:31","date_gmt":"2025-09-15T13:01:31","guid":{"rendered":"https:\/\/www.creabarcelona.com\/marroquin3\/immobiliari-i-urbanisme\/"},"modified":"2026-04-09T15:14:49","modified_gmt":"2026-04-09T13:14:49","slug":"immobiliari-i-urbanisme","status":"publish","type":"page","link":"https:\/\/marroquinabogados.com\/ca\/immobiliari-i-urbanisme\/","title":{"rendered":"Immobiliari i Urbanisme"},"content":{"rendered":"<p><div class=\"fusion-bg-parallax\" data-bg-align=\"center center\" data-direction=\"up\" data-mute=\"false\" data-opacity=\"100\" data-velocity=\"-0.3\" data-mobile-enabled=\"false\" data-break_parents=\"0\" data-bg-image=\"http:\/\/marroquinabogados.com\/wp-content\/uploads\/2025\/09\/contacto_slider_1920x500px.jpg\" data-bg-repeat=\"false\" ><\/div><div class=\"fusion-fullwidth fullwidth-box fusion-builder-row-1 fusion-flex-container has-pattern-background has-mask-background fusion-parallax-up nonhundred-percent-fullwidth non-hundred-percent-height-scrolling lazyload\" style=\"--awb-border-radius-top-left:0px;--awb-border-radius-top-right:0px;--awb-border-radius-bottom-right:0px;--awb-border-radius-bottom-left:0px;--awb-min-height:200px;--awb-background-size:650;--awb-flex-wrap:wrap;\" data-bg=\"http:\/\/marroquinabogados.com\/wp-content\/uploads\/2025\/09\/contacto_slider_1920x500px.jpg\" ><div class=\"fusion-builder-row fusion-row fusion-flex-align-items-flex-start fusion-flex-content-wrap\" style=\"max-width:1372.8px;margin-left: calc(-4% \/ 2 );margin-right: calc(-4% \/ 2 );\"><div class=\"fusion-layout-column fusion_builder_column fusion-builder-column-0 fusion_builder_column_1_1 1_1 fusion-flex-column fusion-flex-align-self-center\" style=\"--awb-bg-size:cover;--awb-width-large:100%;--awb-margin-top-large:20px;--awb-spacing-right-large:1.92%;--awb-margin-bottom-large:20px;--awb-spacing-left-large:1.92%;--awb-width-medium:100%;--awb-order-medium:0;--awb-spacing-right-medium:1.92%;--awb-spacing-left-medium:1.92%;--awb-width-small:100%;--awb-order-small:0;--awb-spacing-right-small:1.92%;--awb-spacing-left-small:1.92%;\" data-scroll-devices=\"small-visibility,medium-visibility,large-visibility\"><div class=\"fusion-column-wrapper fusion-column-has-shadow fusion-flex-justify-content-center fusion-content-layout-column\"><\/div><\/div><\/div><\/div><div class=\"fusion-fullwidth fullwidth-box fusion-builder-row-2 fusion-flex-container has-pattern-background has-mask-background nonhundred-percent-fullwidth non-hundred-percent-height-scrolling\" style=\"--awb-border-radius-top-left:0px;--awb-border-radius-top-right:0px;--awb-border-radius-bottom-right:0px;--awb-border-radius-bottom-left:0px;--awb-padding-top:48px;--awb-padding-right:0px;--awb-padding-left:0px;--awb-padding-top-medium:12px;--awb-background-image:linear-gradient(180deg, var(--awb-color1) 56%,var(--awb-color1) 56%);--awb-flex-wrap:wrap;\" ><div class=\"fusion-builder-row fusion-row fusion-flex-align-items-flex-start fusion-flex-justify-content-center fusion-flex-content-wrap\" style=\"max-width:1372.8px;margin-left: calc(-4% \/ 2 );margin-right: calc(-4% \/ 2 );\"><div class=\"fusion-layout-column fusion_builder_column fusion-builder-column-1 fusion_builder_column_3_4 3_4 fusion-flex-column fusion-animated\" style=\"--awb-bg-size:cover;--awb-width-large:75%;--awb-margin-top-large:20px;--awb-spacing-right-large:2.56%;--awb-margin-bottom-large:60px;--awb-spacing-left-large:2.56%;--awb-width-medium:75%;--awb-order-medium:0;--awb-margin-top-medium:16px;--awb-spacing-right-medium:2.56%;--awb-margin-bottom-medium:16px;--awb-spacing-left-medium:2.56%;--awb-width-small:100%;--awb-order-small:0;--awb-margin-top-small:10px;--awb-spacing-right-small:1.92%;--awb-margin-bottom-small:16px;--awb-spacing-left-small:1.92%;\" data-animationType=\"fadeInDown\" data-animationDuration=\"1.0\" data-animationOffset=\"top-into-view\" data-scroll-devices=\"small-visibility,medium-visibility,large-visibility\"><div class=\"fusion-column-wrapper fusion-column-has-shadow fusion-flex-justify-content-flex-start fusion-content-layout-column\"><div class=\"fusion-title title fusion-title-1 fusion-sep-none fusion-title-text fusion-title-size-one\" style=\"--awb-text-color:var(--awb-color7);--awb-margin-bottom-medium:32px;--awb-font-size:40px;\"><h1 class=\"fusion-title-heading title-heading-left fusion-responsive-typography-calculated\" style=\"margin:0;text-transform:none;font-size:1em;--fontSize:40;line-height:var(--awb-typography1-line-height);\">Immobiliari i Urbanisme<\/h1><\/div><div class=\"fusion-separator fusion-full-width-sep\" style=\"align-self: center;margin-left: auto;margin-right: auto;margin-top:10px;margin-bottom:5px;width:100%;\"><\/div><div class=\"fusion-text fusion-text-1\" style=\"--awb-content-alignment:left;--awb-font-size:22px;--awb-line-height:1.4;--awb-text-transform:none;\"><p>A l\u2019\u00e0rea de Dret Immobiliari i Urbanisme, Marroqu\u00edn Advocats ofereix assessorament integral a promotors, constructors, inversors nacionals i internacionals, SOCIMIS i particulars en qualsevol negoci jur\u00eddic sobre actius immobiliaris. Comptem amb una \u00e0mplia experi\u00e8ncia en la planificaci\u00f3, negociaci\u00f3 i execuci\u00f3 d\u2019operacions i promocions immobili\u00e0ries.<\/p>\n<p>Els nostres serveis inclouen, entre d\u2019altres:<\/p>\n<ul>\n<li>Compravenda i permuta d\u2019immobles.<\/li>\n<li>Contractes d\u2019arrendament urb\u00e0 i r\u00fastic, especialment contractes d\u2019arrendament d\u2019habitatge habitual en zones de mercat tensionat.<\/li>\n<li>Contractes d\u2019execuci\u00f3 d\u2019obra i project management.<\/li>\n<li>Declaracions d\u2019obra nova, divisi\u00f3 en propietat horitzontal i dret hipotecari-registral.<\/li>\n<li>Procediments judicials i extrajudicials en mat\u00e8ria de responsabilitat dels agents de l\u2019edificaci\u00f3.<\/li>\n<\/ul>\n<\/div><div class=\"fusion-separator fusion-full-width-sep\" style=\"align-self: center;margin-left: auto;margin-right: auto;margin-top:10px;width:100%;\"><\/div><div class=\"fusion-separator fusion-full-width-sep\" style=\"align-self: center;margin-left: auto;margin-right: auto;margin-top:10px;width:100%;max-width:100%;\"><div class=\"fusion-separator-border sep-single sep-solid\" style=\"--awb-height:20px;--awb-amount:20px;--awb-sep-color:var(--awb-color8);border-color:var(--awb-color8);border-top-width:1px;\"><\/div><\/div><\/div><\/div><\/div><\/div><div class=\"fusion-fullwidth fullwidth-box fusion-builder-row-3 fusion-flex-container has-pattern-background has-mask-background nonhundred-percent-fullwidth non-hundred-percent-height-scrolling\" style=\"--awb-border-radius-top-left:0px;--awb-border-radius-top-right:0px;--awb-border-radius-bottom-right:0px;--awb-border-radius-bottom-left:0px;--awb-margin-bottom:60px;--awb-flex-wrap:wrap;\" ><div class=\"fusion-builder-row fusion-row fusion-flex-align-items-flex-start fusion-flex-justify-content-center fusion-flex-content-wrap\" style=\"max-width:1372.8px;margin-left: calc(-4% \/ 2 );margin-right: calc(-4% \/ 2 );\"><div class=\"fusion-layout-column fusion_builder_column fusion-builder-column-2 fusion_builder_column_1_3 1_3 fusion-flex-column fusion-animated\" style=\"--awb-bg-size:cover;--awb-width-large:33.333333333333%;--awb-margin-top-large:20px;--awb-spacing-right-large:11.52%;--awb-margin-bottom-large:20px;--awb-spacing-left-large:11.52%;--awb-width-medium:33.333333333333%;--awb-order-medium:0;--awb-spacing-right-medium:11.52%;--awb-spacing-left-medium:11.52%;--awb-width-small:100%;--awb-order-small:0;--awb-spacing-right-small:1.92%;--awb-spacing-left-small:1.92%;\" data-animationType=\"fadeInLeft\" data-animationDuration=\"1.6\" data-animationOffset=\"top-into-view\" data-scroll-devices=\"small-visibility,medium-visibility,large-visibility\"><div class=\"fusion-column-wrapper fusion-column-has-shadow fusion-flex-justify-content-center fusion-content-layout-column\"><div class=\"fusion-title title fusion-title-2 fusion-sep-none fusion-title-center fusion-title-text fusion-title-size-three\" style=\"--awb-text-color:var(--awb-color8);--awb-font-size:16px;\"><h3 class=\"fusion-title-heading title-heading-center fusion-responsive-typography-calculated\" style=\"margin:0;font-size:1em;--fontSize:16;--minFontSize:16;line-height:1.26;\"><p style=\"text-align: center;\">CONTACTE \u00c0REA DE PR\u00c0CTICA<\/p><\/h3><\/div><div class=\"fusion-separator fusion-full-width-sep\" style=\"align-self: center;margin-left: auto;margin-right: auto;margin-top:20px;width:100%;\"><\/div><div class=\"fusion-image-element \" style=\"text-align:center;--awb-caption-title-font-family:var(--h2_typography-font-family);--awb-caption-title-font-weight:var(--h2_typography-font-weight);--awb-caption-title-font-style:var(--h2_typography-font-style);--awb-caption-title-size:var(--h2_typography-font-size);--awb-caption-title-transform:var(--h2_typography-text-transform);--awb-caption-title-line-height:var(--h2_typography-line-height);--awb-caption-title-letter-spacing:var(--h2_typography-letter-spacing);\"><span class=\" fusion-imageframe imageframe-none imageframe-1 hover-type-zoomin\" style=\"border-radius:40px;\"><img decoding=\"async\" width=\"1300\" height=\"1300\" title=\"IGNACIO-MARROQUI\u0301N-SAGALE\u0301S-650px-retouch\" src=\"https:\/\/marroquinabogados.com\/wp-content\/uploads\/2025\/09\/IGNACIO-MARROQUIN-SAGALES-650px-retouch.jpg\" data-orig-src=\"http:\/\/marroquinabogados.com\/wp-content\/uploads\/2025\/09\/IGNACIO-MARROQUIN-SAGALES-650px-retouch.jpg\" alt class=\"lazyload img-responsive wp-image-4159\" srcset=\"data:image\/svg+xml,%3Csvg%20xmlns%3D%27http%3A%2F%2Fwww.w3.org%2F2000%2Fsvg%27%20width%3D%271300%27%20height%3D%271300%27%20viewBox%3D%270%200%201300%201300%27%3E%3Crect%20width%3D%271300%27%20height%3D%271300%27%20fill-opacity%3D%220%22%2F%3E%3C%2Fsvg%3E\" data-srcset=\"https:\/\/marroquinabogados.com\/wp-content\/uploads\/2025\/09\/IGNACIO-MARROQUIN-SAGALES-650px-retouch-200x200.jpg 200w, https:\/\/marroquinabogados.com\/wp-content\/uploads\/2025\/09\/IGNACIO-MARROQUIN-SAGALES-650px-retouch-400x400.jpg 400w, https:\/\/marroquinabogados.com\/wp-content\/uploads\/2025\/09\/IGNACIO-MARROQUIN-SAGALES-650px-retouch-600x600.jpg 600w, https:\/\/marroquinabogados.com\/wp-content\/uploads\/2025\/09\/IGNACIO-MARROQUIN-SAGALES-650px-retouch-800x800.jpg 800w, https:\/\/marroquinabogados.com\/wp-content\/uploads\/2025\/09\/IGNACIO-MARROQUIN-SAGALES-650px-retouch-1200x1200.jpg 1200w, https:\/\/marroquinabogados.com\/wp-content\/uploads\/2025\/09\/IGNACIO-MARROQUIN-SAGALES-650px-retouch.jpg 1300w\" data-sizes=\"auto\" data-orig-sizes=\"(max-width: 640px) 100vw, 400px\" \/><\/span><\/div><div class=\"fusion-separator fusion-full-width-sep\" style=\"align-self: center;margin-left: auto;margin-right: auto;margin-top:20px;width:100%;\"><\/div><div class=\"fusion-title title fusion-title-3 fusion-sep-none fusion-title-center fusion-title-text fusion-title-size-three\" style=\"--awb-font-size:30px;\"><h3 class=\"fusion-title-heading title-heading-center fusion-responsive-typography-calculated\" style=\"margin:0;font-size:1em;--fontSize:30;line-height:1.26;\"><p style=\"text-align: center;\"><a href=\"https:\/\/marroquinabogados.com\/ca\/ignacio-marroquin\/\">Ignacio Marroqu\u00edn Sagal\u00e9s<\/a><\/p><\/h3><\/div><\/div><\/div><\/div><\/div><div class=\"fusion-bg-parallax\" data-bg-align=\"center center\" data-direction=\"up\" data-mute=\"false\" data-opacity=\"100\" data-velocity=\"-0.3\" data-mobile-enabled=\"false\" data-break_parents=\"0\" data-bg-image=\"http:\/\/marroquinabogados.com\/wp-content\/uploads\/2025\/09\/contacto_CTA_1920x650px.jpg\" data-bg-repeat=\"false\" data-bg-color=\"var(--awb-color7)\" ><\/div><div class=\"fusion-fullwidth fullwidth-box fusion-builder-row-4 fusion-flex-container has-pattern-background has-mask-background fusion-parallax-up nonhundred-percent-fullwidth non-hundred-percent-height-scrolling lazyload\" style=\"--awb-border-radius-top-left:0px;--awb-border-radius-top-right:0px;--awb-border-radius-bottom-right:0px;--awb-border-radius-bottom-left:0px;--awb-padding-top:40px;--awb-padding-bottom:40px;--awb-background-color:var(--awb-color7);--awb-background-size:cover;--awb-flex-wrap:wrap;\" data-bg=\"http:\/\/marroquinabogados.com\/wp-content\/uploads\/2025\/09\/contacto_CTA_1920x650px.jpg\" ><div class=\"fusion-builder-row fusion-row fusion-flex-align-items-flex-start fusion-flex-justify-content-center fusion-flex-content-wrap\" style=\"max-width:1372.8px;margin-left: calc(-4% \/ 2 );margin-right: calc(-4% \/ 2 );\"><div class=\"fusion-layout-column fusion_builder_column fusion-builder-column-3 fusion_builder_column_3_4 3_4 fusion-flex-column\" style=\"--awb-padding-top:40px;--awb-padding-bottom:40px;--awb-bg-size:cover;--awb-width-large:75%;--awb-margin-top-large:20px;--awb-spacing-right-large:2.56%;--awb-margin-bottom-large:20px;--awb-spacing-left-large:2.56%;--awb-width-medium:75%;--awb-order-medium:0;--awb-spacing-right-medium:2.56%;--awb-spacing-left-medium:2.56%;--awb-width-small:100%;--awb-order-small:0;--awb-spacing-right-small:1.92%;--awb-spacing-left-small:1.92%;\" data-scroll-devices=\"small-visibility,medium-visibility,large-visibility\"><div class=\"fusion-column-wrapper fusion-column-has-shadow fusion-flex-justify-content-flex-start fusion-content-layout-column\"><div class=\"fusion-title title fusion-title-4 fusion-sep-none fusion-title-center fusion-title-text fusion-title-size-two\" style=\"--awb-text-color:var(--awb-color1);--awb-margin-bottom-medium:32px;--awb-font-size:40px;\"><h2 class=\"fusion-title-heading title-heading-center fusion-responsive-typography-calculated\" style=\"margin:0;text-transform:none;font-size:1em;--fontSize:40;line-height:1.14;\">Contacta amb nosaltres<\/h2><\/div><div class=\"fusion-text fusion-text-2\" style=\"--awb-content-alignment:center;--awb-font-size:24px;--awb-line-height:1.2;--awb-text-transform:none;--awb-text-color:var(--awb-color1);\"><p>Assessoria legal, transparent i propera; posa\u2019t en contacte amb nosaltres i t\u2019ajudarem a trobar una soluci\u00f3.<\/p>\n<\/div><div class=\"fusion-separator fusion-full-width-sep\" style=\"align-self: center;margin-left: auto;margin-right: auto;margin-top:15px;margin-bottom:15px;width:100%;\"><\/div><div style=\"text-align:center;\"><a class=\"fusion-button button-flat fusion-button-default-size button-custom fusion-button-default button-1 fusion-button-default-span fusion-button-default-type\" style=\"--button_accent_color:var(--awb-color1);--button_accent_hover_color:var(--awb-color1);--button_border_hover_color:var(--awb-color7);--button_border_width-top:2px;--button_border_width-right:2px;--button_border_width-bottom:2px;--button_border_width-left:2px;--button-border-radius-top-left:60px;--button-border-radius-top-right:60px;--button-border-radius-bottom-right:60px;--button-border-radius-bottom-left:60px;--button_gradient_top_color:rgba(14,102,126,0);--button_gradient_bottom_color:rgba(14,102,126,0);--button_gradient_top_color_hover:var(--awb-color7);--button_gradient_bottom_color_hover:var(--awb-color7);\" target=\"_self\" href=\"https:\/\/marroquinabogados.com\/ca\/contacta\/\"><span class=\"fusion-button-text awb-button__text awb-button__text--default\">Contacta<\/span><\/a><\/div><div class=\"fusion-separator fusion-full-width-sep\" style=\"align-self: center;margin-left: auto;margin-right: auto;margin-top:15px;margin-bottom:15px;width:100%;\"><\/div><\/div><\/div><\/div><\/div><\/p>\n","protected":false},"excerpt":{"rendered":"","protected":false},"author":1,"featured_media":4948,"parent":0,"menu_order":0,"comment_status":"closed","ping_status":"closed","template":"100-width.php","meta":{"content-type":"","footnotes":""},"class_list":["post-4230","page","type-page","status-publish","has-post-thumbnail","hentry"],"yoast_head":"<!-- This site is optimized with the Yoast SEO plugin v27.1.1 - https:\/\/yoast.com\/product\/yoast-seo-wordpress\/ -->\n<title>Immobiliari i Urbanisme - Marroquin Abogados<\/title>\n<meta name=\"robots\" content=\"index, follow, max-snippet:-1, max-image-preview:large, max-video-preview:-1\" \/>\n<link rel=\"canonical\" href=\"https:\/\/marroquinabogados.com\/ca\/immobiliari-i-urbanisme\/\" \/>\n<meta property=\"og:locale\" content=\"ca_ES\" \/>\n<meta property=\"og:type\" content=\"article\" \/>\n<meta property=\"og:title\" content=\"Immobiliari i Urbanisme - Marroquin Abogados\" \/>\n<meta property=\"og:url\" content=\"https:\/\/marroquinabogados.com\/ca\/immobiliari-i-urbanisme\/\" \/>\n<meta property=\"og:site_name\" content=\"Marroquin Abogados\" \/>\n<meta property=\"article:modified_time\" content=\"2026-04-09T13:14:49+00:00\" \/>\n<meta property=\"og:image\" content=\"https:\/\/marroquinabogados.com\/wp-content\/uploads\/2025\/12\/derecho-inmobiliario-Marroquin-Abogados.jpg\" \/>\n\t<meta property=\"og:image:width\" content=\"1200\" \/>\n\t<meta property=\"og:image:height\" content=\"628\" \/>\n\t<meta property=\"og:image:type\" content=\"image\/jpeg\" \/>\n<meta name=\"twitter:card\" content=\"summary_large_image\" \/>\n<meta name=\"twitter:label1\" content=\"Temps estimat de lectura\" \/>\n\t<meta name=\"twitter:data1\" content=\"1 minut\" \/>\n<script type=\"application\/ld+json\" class=\"yoast-schema-graph\">{\"@context\":\"https:\/\/schema.org\",\"@graph\":[{\"@type\":\"WebPage\",\"@id\":\"https:\/\/marroquinabogados.com\/ca\/immobiliari-i-urbanisme\/\",\"url\":\"https:\/\/marroquinabogados.com\/ca\/immobiliari-i-urbanisme\/\",\"name\":\"Immobiliari i Urbanisme - Marroquin Abogados\",\"isPartOf\":{\"@id\":\"http:\/\/marroquinabogados.com\/#website\"},\"primaryImageOfPage\":{\"@id\":\"https:\/\/marroquinabogados.com\/ca\/immobiliari-i-urbanisme\/#primaryimage\"},\"image\":{\"@id\":\"https:\/\/marroquinabogados.com\/ca\/immobiliari-i-urbanisme\/#primaryimage\"},\"thumbnailUrl\":\"https:\/\/marroquinabogados.com\/wp-content\/uploads\/2025\/12\/derecho-inmobiliario-Marroquin-Abogados.jpg\",\"datePublished\":\"2025-09-15T13:01:31+00:00\",\"dateModified\":\"2026-04-09T13:14:49+00:00\",\"breadcrumb\":{\"@id\":\"https:\/\/marroquinabogados.com\/ca\/immobiliari-i-urbanisme\/#breadcrumb\"},\"inLanguage\":\"ca\",\"potentialAction\":[{\"@type\":\"ReadAction\",\"target\":[\"https:\/\/marroquinabogados.com\/ca\/immobiliari-i-urbanisme\/\"]}]},{\"@type\":\"ImageObject\",\"inLanguage\":\"ca\",\"@id\":\"https:\/\/marroquinabogados.com\/ca\/immobiliari-i-urbanisme\/#primaryimage\",\"url\":\"https:\/\/marroquinabogados.com\/wp-content\/uploads\/2025\/12\/derecho-inmobiliario-Marroquin-Abogados.jpg\",\"contentUrl\":\"https:\/\/marroquinabogados.com\/wp-content\/uploads\/2025\/12\/derecho-inmobiliario-Marroquin-Abogados.jpg\",\"width\":1200,\"height\":628,\"caption\":\"Derecho Inmobiliario\"},{\"@type\":\"BreadcrumbList\",\"@id\":\"https:\/\/marroquinabogados.com\/ca\/immobiliari-i-urbanisme\/#breadcrumb\",\"itemListElement\":[{\"@type\":\"ListItem\",\"position\":1,\"name\":\"Portada\",\"item\":\"https:\/\/marroquinabogados.com\/ca\/\"},{\"@type\":\"ListItem\",\"position\":2,\"name\":\"Immobiliari i Urbanisme\"}]},{\"@type\":\"WebSite\",\"@id\":\"http:\/\/marroquinabogados.com\/#website\",\"url\":\"http:\/\/marroquinabogados.com\/\",\"name\":\"Marroquin Abogados\",\"description\":\"\",\"potentialAction\":[{\"@type\":\"SearchAction\",\"target\":{\"@type\":\"EntryPoint\",\"urlTemplate\":\"http:\/\/marroquinabogados.com\/?s={search_term_string}\"},\"query-input\":{\"@type\":\"PropertyValueSpecification\",\"valueRequired\":true,\"valueName\":\"search_term_string\"}}],\"inLanguage\":\"ca\"}]}<\/script>\n<!-- \/ Yoast SEO plugin. -->","yoast_head_json":{"title":"Immobiliari i Urbanisme - Marroquin Abogados","robots":{"index":"index","follow":"follow","max-snippet":"max-snippet:-1","max-image-preview":"max-image-preview:large","max-video-preview":"max-video-preview:-1"},"canonical":"https:\/\/marroquinabogados.com\/ca\/immobiliari-i-urbanisme\/","og_locale":"ca_ES","og_type":"article","og_title":"Immobiliari i Urbanisme - Marroquin Abogados","og_url":"https:\/\/marroquinabogados.com\/ca\/immobiliari-i-urbanisme\/","og_site_name":"Marroquin Abogados","article_modified_time":"2026-04-09T13:14:49+00:00","og_image":[{"width":1200,"height":628,"url":"https:\/\/marroquinabogados.com\/wp-content\/uploads\/2025\/12\/derecho-inmobiliario-Marroquin-Abogados.jpg","type":"image\/jpeg"}],"twitter_card":"summary_large_image","twitter_misc":{"Temps estimat de lectura":"1 minut"},"schema":{"@context":"https:\/\/schema.org","@graph":[{"@type":"WebPage","@id":"https:\/\/marroquinabogados.com\/ca\/immobiliari-i-urbanisme\/","url":"https:\/\/marroquinabogados.com\/ca\/immobiliari-i-urbanisme\/","name":"Immobiliari i Urbanisme - Marroquin Abogados","isPartOf":{"@id":"http:\/\/marroquinabogados.com\/#website"},"primaryImageOfPage":{"@id":"https:\/\/marroquinabogados.com\/ca\/immobiliari-i-urbanisme\/#primaryimage"},"image":{"@id":"https:\/\/marroquinabogados.com\/ca\/immobiliari-i-urbanisme\/#primaryimage"},"thumbnailUrl":"https:\/\/marroquinabogados.com\/wp-content\/uploads\/2025\/12\/derecho-inmobiliario-Marroquin-Abogados.jpg","datePublished":"2025-09-15T13:01:31+00:00","dateModified":"2026-04-09T13:14:49+00:00","breadcrumb":{"@id":"https:\/\/marroquinabogados.com\/ca\/immobiliari-i-urbanisme\/#breadcrumb"},"inLanguage":"ca","potentialAction":[{"@type":"ReadAction","target":["https:\/\/marroquinabogados.com\/ca\/immobiliari-i-urbanisme\/"]}]},{"@type":"ImageObject","inLanguage":"ca","@id":"https:\/\/marroquinabogados.com\/ca\/immobiliari-i-urbanisme\/#primaryimage","url":"https:\/\/marroquinabogados.com\/wp-content\/uploads\/2025\/12\/derecho-inmobiliario-Marroquin-Abogados.jpg","contentUrl":"https:\/\/marroquinabogados.com\/wp-content\/uploads\/2025\/12\/derecho-inmobiliario-Marroquin-Abogados.jpg","width":1200,"height":628,"caption":"Derecho Inmobiliario"},{"@type":"BreadcrumbList","@id":"https:\/\/marroquinabogados.com\/ca\/immobiliari-i-urbanisme\/#breadcrumb","itemListElement":[{"@type":"ListItem","position":1,"name":"Portada","item":"https:\/\/marroquinabogados.com\/ca\/"},{"@type":"ListItem","position":2,"name":"Immobiliari i Urbanisme"}]},{"@type":"WebSite","@id":"http:\/\/marroquinabogados.com\/#website","url":"http:\/\/marroquinabogados.com\/","name":"Marroquin Abogados","description":"","potentialAction":[{"@type":"SearchAction","target":{"@type":"EntryPoint","urlTemplate":"http:\/\/marroquinabogados.com\/?s={search_term_string}"},"query-input":{"@type":"PropertyValueSpecification","valueRequired":true,"valueName":"search_term_string"}}],"inLanguage":"ca"}]}},"_links":{"self":[{"href":"https:\/\/marroquinabogados.com\/ca\/wp-json\/wp\/v2\/pages\/4230","targetHints":{"allow":["GET"]}}],"collection":[{"href":"https:\/\/marroquinabogados.com\/ca\/wp-json\/wp\/v2\/pages"}],"about":[{"href":"https:\/\/marroquinabogados.com\/ca\/wp-json\/wp\/v2\/types\/page"}],"author":[{"embeddable":true,"href":"https:\/\/marroquinabogados.com\/ca\/wp-json\/wp\/v2\/users\/1"}],"replies":[{"embeddable":true,"href":"https:\/\/marroquinabogados.com\/ca\/wp-json\/wp\/v2\/comments?post=4230"}],"version-history":[{"count":13,"href":"https:\/\/marroquinabogados.com\/ca\/wp-json\/wp\/v2\/pages\/4230\/revisions"}],"predecessor-version":[{"id":5124,"href":"https:\/\/marroquinabogados.com\/ca\/wp-json\/wp\/v2\/pages\/4230\/revisions\/5124"}],"wp:featuredmedia":[{"embeddable":true,"href":"https:\/\/marroquinabogados.com\/ca\/wp-json\/wp\/v2\/media\/4948"}],"wp:attachment":[{"href":"https:\/\/marroquinabogados.com\/ca\/wp-json\/wp\/v2\/media?parent=4230"}],"curies":[{"name":"wp","href":"https:\/\/api.w.org\/{rel}","templated":true}]}}